{"id":35,"date":"2010-09-26T13:20:16","date_gmt":"2010-09-26T11:20:16","guid":{"rendered":"http:\/\/tanta.tv\/?page_id=35"},"modified":"2021-11-24T21:01:39","modified_gmt":"2021-11-25T00:01:39","slug":"projetos","status":"publish","type":"page","link":"https:\/\/tanta.tv\/?page_id=35","title":{"rendered":"Bio"},"content":{"rendered":"\n<p><span style=\"color: #c0c0c0;\"><\/span><\/p>\n\n\n\n<div class=\"wp-block-group\"><div class=\"wp-block-group__inner-container is-layout-flow wp-block-group-is-layout-flow\">\n<div class=\"wp-block-group\"><div class=\"wp-block-group__inner-container is-layout-flow wp-block-group-is-layout-flow\">\n<pre class=\"wp-block-code\" style=\"font-size:12px\"><code>TIAGO VIANNA (NITER\u00d3I, 1980) - ARTISTA VISUAL DEDICADO AO DOCUMENT\u00c1RIO, FOTOGRAFIA, A ANIMA\u00c7\u00c3O, O VEEJAYING E CONTE\u00daDO PARA TV. SE LICENCIOU EM CINEMA NO MESMO ANO EM QUE RECEBEU O PREMIO DE MELHOR DIRETOR NO IX GRAMADO CINE VIDEO PELO CURTAMETRAGEM \u201cBERRO\u201d. EM 2001 COME\u00c7OU A TRABALHAR COMO EDITOR DE PUBLICIDADE E DOCUMENT\u00c1RIOS E, EM 2003, COMO DIRETOR. TRABALHOU COM ELIZABETH FORMAGGINI E JOM TOB AZULAY E SEGUIU ESTUDOS DE CINEMA EXPERIMENTAL COM PAULA GAIT\u00c1N NA ESCOLA DE ARTES VISUAIS DO PARQUE LAGE (RIO DE JANEIRO) E DOCUMENT\u00c1RIO COM CARMEN AVALOS NO OBSERVATORIO DE CINE (BARCELONA).<br>DOTADO DE UMA FORTE PO\u00c9TICA VISUAL, REALIZOU PE\u00c7AS PARA ARTISTAS COMO JARDS MACAL\u00c9, MARCELO BONF\u00c1, KATIA B, VULGUE TOSTOI, PEDRO VER\u00cdSSIMO E LETRUX.<br>EM PUBLICIDADE REALIZOU FILMES PARA AG\u00caNCIA 3, GIOVANNI FCB, MCCANN ERICKSON, CGCOM, AL\u00c9M DE DIRIGIR DIVERSOS CURTAS METRAGENS E PROGRAMAS DE TV. ATUALMENTE INTEGRA A EQUIPE DE CRIA\u00c7\u00c3O DO GREG NEWS (HBO).<\/code><\/pre>\n<\/div><\/div>\n<\/div><\/div>\n\n\n\n<h6 class=\"wp-block-heading\"><span style=\"font-weight: normal; font-size: 1em;\"><br><\/span><span style=\"color: #808080;\">Visual&nbsp;artist, he&nbsp;dedicates himself to documentary, photography, animation, veejaying and directing&nbsp;TV shows. He graduates in cinema as a Ruy Guerra student on the same year that he received the award for best director in the IX Gramado Cine Video with the short movie \u201cBerro\u201d. In 2001 starts working as editor, manly for advertising and documentary and in 2003 begins his career as a filmmaker. He worked with Elizabeth Formaggini and Jom Tob Azulay, follow his cinematography studies with Paula Gaitan and Carmen Avalos. Performed pieces for many musical artists such as Jards Macal\u00e9, Marcelo Bonf\u00e1, Katia B, Vulgue Tostoi, Pedro Ver\u00edssimo and Let\u00edcia Novaes. Gifted with a strong poetic visual, Tiago sails through digital arts inside animation, experimental cinema, veejaying and video clip. As a director experiments creatively the possibilities of multimedia language.<\/span><\/h6>\n\n\n\n<h6 class=\"wp-block-heading\"><span style=\"color: #808080;\"><br><\/span><span style=\"color: #999999;\">Artista visual, se dedica al documental, animaci\u00f3n, al veejaying, y como director de televisi\u00f3n. Se licenci\u00f3 en cinema como alumno de Ruy Guerra en el mismo a\u00f1o que ha ganado el premio de mejor director en el IX Gramado Cine Video por el cortometraje \u201cBerro\u201d. En 2001 empieza a trabajar como editor de publicidad y documentales y en 2003 como realizador. Trabaj\u00f3 con Elizabeth Formaggini y Jom Tob Azulay y ha dado continuidad a sus estudios con Paula Gait\u00e1n y Carmen Avalos. Ha realizado trabajos para musicos como Jards Macal\u00e9, Marcelo Bonf\u00e1, Katia B, Vulgue Tostoi Pedro Ver\u00edssimo y Let\u00edcia Novaes. <\/span><span style=\"color: #999999;\">Cineasta dotado de una fuerte vena po\u00e9tica visual, navega por las artes digitales como la animaci\u00f3n, el cine experimental, veejaying y el video clip. Como director sigue experimentando creativamente las diversas posibilidades del lenguaje multimedia.<br><\/span><\/h6>\n\n\n\n<div class=\"wp-block-image is-style-rounded\"><figure class=\"alignleft is-resized\"><img loading=\"lazy\" decoding=\"async\" src=\"http:\/\/tanta.tv\/wp-content\/uploads\/2018\/08\/til_strobe12-1080x1080.jpg\" alt=\"\" class=\"wp-image-1285\" width=\"262\" height=\"262\" srcset=\"https:\/\/tanta.tv\/wp-content\/uploads\/2018\/08\/til_strobe12-1080x1080.jpg 1080w, https:\/\/tanta.tv\/wp-content\/uploads\/2018\/08\/til_strobe12-145x145.jpg 145w, https:\/\/tanta.tv\/wp-content\/uploads\/2018\/08\/til_strobe12-600x600.jpg 600w, https:\/\/tanta.tv\/wp-content\/uploads\/2018\/08\/til_strobe12-768x768.jpg 768w, https:\/\/tanta.tv\/wp-content\/uploads\/2018\/08\/til_strobe12-360x360.jpg 360w, https:\/\/tanta.tv\/wp-content\/uploads\/2018\/08\/til_strobe12-700x700.jpg 700w, https:\/\/tanta.tv\/wp-content\/uploads\/2018\/08\/til_strobe12.jpg 1200w\" sizes=\"(max-width: 262px) 100vw, 262px\" \/><\/figure><\/div>\n","protected":false},"excerpt":{"rendered":"<p>TIAGO VIANNA (NITER\u00d3I, 1980) &#8211; ARTISTA VISUAL DEDICADO AO DOCUMENT\u00c1RIO, FOTOGRAFIA, A ANIMA\u00c7\u00c3O, O VEEJAYING E CONTE\u00daDO PARA TV. SE LICENCIOU EM CINEMA NO MESMO ANO EM QUE RECEBEU O PREMIO DE MELHOR DIRETOR NO IX GRAMADO CINE VIDEO PELO CURTAMETRAGEM \u201cBERRO\u201d. EM 2001 COME\u00c7OU A TRABALHAR COMO EDITOR DE PUBLICIDADE E DOCUMENT\u00c1RIOS E, EM [&#8230;]<\/p>\n","protected":false},"author":1,"featured_media":947,"parent":0,"menu_order":0,"comment_status":"closed","ping_status":"closed","template":"","meta":{"saved_in_kubio":false,"footnotes":""},"kubio_ai_page_context":{"short_desc":"","purpose":"general"},"_links":{"self":[{"href":"https:\/\/tanta.tv\/index.php?rest_route=\/wp\/v2\/pages\/35"}],"collection":[{"href":"https:\/\/tanta.tv\/index.php?rest_route=\/wp\/v2\/pages"}],"about":[{"href":"https:\/\/tanta.tv\/index.php?rest_route=\/wp\/v2\/types\/page"}],"author":[{"embeddable":true,"href":"https:\/\/tanta.tv\/index.php?rest_route=\/wp\/v2\/users\/1"}],"replies":[{"embeddable":true,"href":"https:\/\/tanta.tv\/index.php?rest_route=%2Fwp%2Fv2%2Fcomments&post=35"}],"version-history":[{"count":211,"href":"https:\/\/tanta.tv\/index.php?rest_route=\/wp\/v2\/pages\/35\/revisions"}],"predecessor-version":[{"id":1334,"href":"https:\/\/tanta.tv\/index.php?rest_route=\/wp\/v2\/pages\/35\/revisions\/1334"}],"wp:featuredmedia":[{"embeddable":true,"href":"https:\/\/tanta.tv\/index.php?rest_route=\/wp\/v2\/media\/947"}],"wp:attachment":[{"href":"https:\/\/tanta.tv\/index.php?rest_route=%2Fwp%2Fv2%2Fmedia&parent=35"}],"curies":[{"name":"wp","href":"https:\/\/api.w.org\/{rel}","templated":true}]}}